{"id":1392,"date":"2025-12-14T14:28:46","date_gmt":"2025-12-14T12:28:46","guid":{"rendered":"https:\/\/commerce-consulting-services.com\/?page_id=1392"},"modified":"2026-02-08T10:42:48","modified_gmt":"2026-02-08T08:42:48","slug":"mazkapitala-sia-registracija-latvija-dokumenti-ar-e-parakstu","status":"publish","type":"page","link":"https:\/\/commerce-consulting-services.com\/lv\/new-company-registration-in-latvia\/mazkapitala-sia-registracija-latvija-dokumenti-ar-e-parakstu\/","title":{"rendered":"Mazkapit\u0101la SIA re\u0123istr\u0101cija Latvij\u0101 &#8211; Dokumenti ar e-parakstu"},"content":{"rendered":"<p>[et_pb_section fb_built=&#8221;1&#8243; _builder_version=&#8221;4.27.4&#8243; _module_preset=&#8221;default&#8221; custom_padding=&#8221;||0px|||&#8221; global_colors_info=&#8221;{}&#8221;][et_pb_row _builder_version=&#8221;4.27.5&#8243; _module_preset=&#8221;default&#8221; display_conditions=&#8221;W3siaWQiOiJhZWY0MWM5Ny1hMzIyLTQxZmQtYWYwZi0yMWRiMWZiZTM0NWQiLCJjb25kaXRpb24iOiJ1cmxQYXJhbWV0ZXIiLCJjb25kaXRpb25TZXR0aW5ncyI6eyJzZWxlY3RVcmxQYXJhbWV0ZXIiOiJzcGVjaWZpY1VybFBhcmFtZXRlciIsInVybFBhcmFtZXRlck5hbWUiOiJmb3VuZGVycyIsImRpc3BsYXlSdWxlIjoiZG9lc05vdEV4aXN0IiwidXJsUGFyYW1ldGVyVmFsdWUiOiJVUkwgUGFyYW1ldGVyIFZhbHVlIiwiYWRtaW5MYWJlbCI6IlVSTCBQYXJhbWV0ZXIiLCJlbmFibGVDb25kaXRpb24iOiJvbiJ9LCJvcGVyYXRvciI6Ik9SIn1d&#8221; global_colors_info=&#8221;{}&#8221;][et_pb_column type=&#8221;4_4&#8243; _builder_version=&#8221;4.27.5&#8243; _module_preset=&#8221;default&#8221; global_colors_info=&#8221;{}&#8221;][et_pb_heading title=&#8221;Ieg\u016bstiet Mazkapit\u0101la SIA re\u0123istr\u0101cijas dokumentus da\u017eu min\u016b\u0161u laik\u0101&#8221; _builder_version=&#8221;4.27.5&#8243; _module_preset=&#8221;default&#8221; global_colors_info=&#8221;{}&#8221;][\/et_pb_heading][et_pb_text _builder_version=&#8221;4.27.5&#8243; _module_preset=&#8221;default&#8221; global_colors_info=&#8221;{}&#8221;]<\/p>\n<p>Lai m\u0113s var\u0113tu sagatavot prec\u012bzi J\u016bsu situ\u0101cijai atbilsto\u0161us dokumentus, l\u016bdzu, nor\u0101diet pl\u0101noto dibin\u0101t\u0101ju skaitu. Tas pal\u012bdz\u0113s mums par\u0101d\u012bt tikai tos laukus, kas nepiecie\u0161ami J\u016bsu uz\u0146\u0113muma dibin\u0101\u0161anai, padarot procesu maksim\u0101li \u012bsu un saprotamu.<\/p>\n<p>[\/et_pb_text][\/et_pb_column][\/et_pb_row][et_pb_row column_structure=&#8221;1_5,1_5,1_5,1_5,1_5&#8243; custom_padding_last_edited=&#8221;on|desktop&#8221; disabled_on=&#8221;off|off|off&#8221; _builder_version=&#8221;4.27.5&#8243; _module_preset=&#8221;_initial&#8221; display_conditions=&#8221;W3siaWQiOiI5YTdhMGY1ZS1lNTVmLTRlMDUtOGJhZS0yZmIyYzQ1NDQ5ZDEiLCJjb25kaXRpb24iOiJ1cmxQYXJhbWV0ZXIiLCJjb25kaXRpb25TZXR0aW5ncyI6eyJzZWxlY3RVcmxQYXJhbWV0ZXIiOiJzcGVjaWZpY1VybFBhcmFtZXRlciIsInVybFBhcmFtZXRlck5hbWUiOiJmb3VuZGVycyIsImRpc3BsYXlSdWxlIjoiZG9lc05vdEV4aXN0IiwidXJsUGFyYW1ldGVyVmFsdWUiOiJVUkwgUGFyYW1ldGVyIFZhbHVlIiwiYWRtaW5MYWJlbCI6IlVSTCBQYXJhbWV0ZXIiLCJlbmFibGVDb25kaXRpb24iOiJvbiJ9LCJvcGVyYXRvciI6Ik9SIn1d&#8221; custom_padding_tablet=&#8221;&#8221; custom_padding_phone=&#8221;&#8221; global_colors_info=&#8221;{}&#8221;][et_pb_column type=&#8221;1_5&#8243; _builder_version=&#8221;4.27.5&#8243; _module_preset=&#8221;default&#8221; global_colors_info=&#8221;{}&#8221;][et_pb_blurb title=&#8221;1 dibin\u0101t\u0101js&#8221; use_icon=&#8221;on&#8221; font_icon=&#8221;&#xf007;||fa||900&#8243; icon_alignment=&#8221;center&#8221; _builder_version=&#8221;4.27.5&#8243; _module_preset=&#8221;8c41c098-707e-4840-a7d5-34bdba8841b6&#8243; text_orientation=&#8221;center&#8221; animation_style=&#8221;flip&#8221; link_option_url=&#8221;?founders=1&#8243; box_shadow_style=&#8221;preset3&#8243; global_colors_info=&#8221;{}&#8221;][\/et_pb_blurb][\/et_pb_column][et_pb_column type=&#8221;1_5&#8243; _builder_version=&#8221;4.27.5&#8243; _module_preset=&#8221;default&#8221; global_colors_info=&#8221;{}&#8221;][et_pb_blurb title=&#8221;2 dibin\u0101t\u0101ji&#8221; use_icon=&#8221;on&#8221; font_icon=&#8221;&#xe08b;||divi||400&#8243; icon_alignment=&#8221;center&#8221; _builder_version=&#8221;4.27.5&#8243; _module_preset=&#8221;8c41c098-707e-4840-a7d5-34bdba8841b6&#8243; text_orientation=&#8221;center&#8221; animation_style=&#8221;flip&#8221; link_option_url=&#8221;?founders=2&#8243; box_shadow_style=&#8221;preset3&#8243; global_colors_info=&#8221;{}&#8221;][\/et_pb_blurb][\/et_pb_column][et_pb_column type=&#8221;1_5&#8243; _builder_version=&#8221;4.27.5&#8243; _module_preset=&#8221;default&#8221; global_colors_info=&#8221;{}&#8221;][et_pb_blurb title=&#8221;3 dibin\u0101t\u0101ji&#8221; use_icon=&#8221;on&#8221; font_icon=&#8221;&#xf0c0;||fa||900&#8243; icon_alignment=&#8221;center&#8221; _builder_version=&#8221;4.27.5&#8243; _module_preset=&#8221;8c41c098-707e-4840-a7d5-34bdba8841b6&#8243; text_orientation=&#8221;center&#8221; animation_style=&#8221;flip&#8221; link_option_url=&#8221;?founders=3&#8243; box_shadow_style=&#8221;preset3&#8243; global_colors_info=&#8221;{}&#8221;][\/et_pb_blurb][\/et_pb_column][et_pb_column type=&#8221;1_5&#8243; _builder_version=&#8221;4.27.5&#8243; _module_preset=&#8221;default&#8221; global_colors_info=&#8221;{}&#8221;][et_pb_blurb title=&#8221;4 dibin\u0101t\u0101ji&#8221; use_icon=&#8221;on&#8221; font_icon=&#8221;&#xf1ad;||fa||900&#8243; icon_alignment=&#8221;center&#8221; _builder_version=&#8221;4.27.5&#8243; _module_preset=&#8221;8c41c098-707e-4840-a7d5-34bdba8841b6&#8243; text_orientation=&#8221;center&#8221; animation_style=&#8221;flip&#8221; link_option_url=&#8221;?founders=4&#8243; box_shadow_style=&#8221;preset3&#8243; global_colors_info=&#8221;{}&#8221;][\/et_pb_blurb][\/et_pb_column][et_pb_column type=&#8221;1_5&#8243; _builder_version=&#8221;4.27.5&#8243; _module_preset=&#8221;default&#8221; global_colors_info=&#8221;{}&#8221;][et_pb_blurb title=&#8221;5 dibin\u0101t\u0101ji&#8221; use_icon=&#8221;on&#8221; font_icon=&#8221;&#xf1ad;||fa||400&#8243; icon_alignment=&#8221;center&#8221; _builder_version=&#8221;4.27.5&#8243; _module_preset=&#8221;8c41c098-707e-4840-a7d5-34bdba8841b6&#8243; text_orientation=&#8221;center&#8221; custom_padding=&#8221;||0px|||&#8221; animation_style=&#8221;flip&#8221; link_option_url=&#8221;?founders=5&#8243; box_shadow_style=&#8221;preset3&#8243; global_colors_info=&#8221;{}&#8221;][\/et_pb_blurb][\/et_pb_column][\/et_pb_row][et_pb_row _builder_version=&#8221;4.27.5&#8243; _module_preset=&#8221;default&#8221; display_conditions=&#8221;W3siaWQiOiIyZGJhY2M3OC0yYmMxLTQwZjktYjM5MC02ZDVlMzJmZDYyYWUiLCJjb25kaXRpb24iOiJ1cmxQYXJhbWV0ZXIiLCJjb25kaXRpb25TZXR0aW5ncyI6eyJzZWxlY3RVcmxQYXJhbWV0ZXIiOiJzcGVjaWZpY1VybFBhcmFtZXRlciIsInVybFBhcmFtZXRlck5hbWUiOiJmb3VuZGVycyIsImRpc3BsYXlSdWxlIjoiZXhpc3QiLCJ1cmxQYXJhbWV0ZXJWYWx1ZSI6IlVSTCBQYXJhbWV0ZXIgVmFsdWUiLCJhZG1pbkxhYmVsIjoiVVJMIFBhcmFtZXRlciIsImVuYWJsZUNvbmRpdGlvbiI6Im9uIn0sIm9wZXJhdG9yIjoiT1IifV0=&#8221; global_colors_info=&#8221;{}&#8221;][et_pb_column type=&#8221;4_4&#8243; _builder_version=&#8221;4.27.4&#8243; _module_preset=&#8221;default&#8221; global_colors_info=&#8221;{}&#8221;][et_pb_text _builder_version=&#8221;4.27.5&#8243; _module_preset=&#8221;default&#8221; global_colors_info=&#8221;{}&#8221;]<\/p>\n<h2>Mazkapit\u0101la SIA dibin\u0101\u0161anas dokumenti &#8211; sak\u0101rtoti, prec\u012bzi un gatavi iesnieg\u0161anai<\/h2>\n<p>Iesniedzot nepiecie\u0161amos datus, sa\u0146emsi pilnu Mazkapit\u0101la SIA re\u0123istr\u0101cijai paredz\u0113to dokumentu komplektu. Dokumentus iesp\u0113jams elektroniski parakst\u012bt un iesniegt Uz\u0146\u0113mumu re\u0123istra port\u0101l\u0101. Tie sagatavoti piln\u012bb\u0101 atbilsto\u0161i UR normat\u012bvaj\u0101m pras\u012bb\u0101m.<\/p>\n<p>[\/et_pb_text][et_pb_text _builder_version=&#8221;4.27.5&#8243; _module_preset=&#8221;default&#8221; global_colors_info=&#8221;{}&#8221;]<\/p>\n<p class=\"p3\">Ja v\u0113lies re\u0123istr\u0113t<strong> SIA (pamatkapit\u0101ls no 2800 EUR), izmanto <span style=\"text-decoration: underline;\"><a href=\"https:\/\/commerce-consulting-services.com\/new-company-registration-in-latvia\/sia-registracija-latvija-dokumenti-ar-e-parakstu\/\">\u0161o saiti<\/a><\/span><\/strong><\/p>\n<p>[\/et_pb_text][\/et_pb_column][\/et_pb_row][et_pb_row column_structure=&#8221;1_4,1_4,1_4,1_4&#8243; _builder_version=&#8221;4.27.5&#8243; _module_preset=&#8221;default&#8221; display_conditions=&#8221;W3siaWQiOiIwYzJiMjU2MC04ZmM0LTRiYjUtYjYzNi01YjMxMGUxMzM2YjIiLCJjb25kaXRpb24iOiJ1cmxQYXJhbWV0ZXIiLCJjb25kaXRpb25TZXR0aW5ncyI6eyJzZWxlY3RVcmxQYXJhbWV0ZXIiOiJzcGVjaWZpY1VybFBhcmFtZXRlciIsInVybFBhcmFtZXRlck5hbWUiOiJmb3VuZGVycyIsImRpc3BsYXlSdWxlIjoiZXhpc3QiLCJ1cmxQYXJhbWV0ZXJWYWx1ZSI6IlVSTCBQYXJhbWV0ZXIgVmFsdWUiLCJhZG1pbkxhYmVsIjoiVVJMIFBhcmFtZXRlciIsImVuYWJsZUNvbmRpdGlvbiI6Im9uIn0sIm9wZXJhdG9yIjoiT1IifV0=&#8221; animation_style=&#8221;flip&#8221; global_colors_info=&#8221;{}&#8221;][et_pb_column type=&#8221;1_4&#8243; _builder_version=&#8221;4.27.5&#8243; _module_preset=&#8221;default&#8221; global_colors_info=&#8221;{}&#8221;][et_pb_toggle title=&#8221;Ilgums: ~10 min&#8221; toggle_icon=&#8221;&#x7d;||divi||400&#8243; use_icon_font_size=&#8221;off&#8221; open_toggle_icon=&#8221;&#x7d;||divi||400&#8243; open_use_icon_font_size=&#8221;off&#8221; _builder_version=&#8221;4.27.5&#8243; _module_preset=&#8221;default&#8221; global_colors_info=&#8221;{}&#8221;]<\/p>\n<p>Formas aizpild\u012b\u0161ana aiz\u0146em aptuveni <strong>10 min\u016btes<\/strong>.<br \/>Laiks var at\u0161\u0137irties atkar\u012bb\u0101 no sagatavoto datu apjoma, dibin\u0101t\u0101ju skaita un uz\u0146\u0113muma strukt\u016bras.<\/p>\n<p>[\/et_pb_toggle][\/et_pb_column][et_pb_column type=&#8221;1_4&#8243; _builder_version=&#8221;4.27.5&#8243; _module_preset=&#8221;default&#8221; global_colors_info=&#8221;{}&#8221;][et_pb_toggle title=&#8221;Cena: 30 EUR&#8221; toggle_icon=&#8221;&#xf153;||fa||900&#8243; use_icon_font_size=&#8221;off&#8221; open_toggle_icon=&#8221;&#xf153;||fa||900&#8243; open_use_icon_font_size=&#8221;off&#8221; _builder_version=&#8221;4.27.5&#8243; _module_preset=&#8221;default&#8221; hover_enabled=&#8221;0&#8243; global_colors_info=&#8221;{}&#8221; sticky_enabled=&#8221;0&#8243;]<\/p>\n<p>Pamatkomplekts: <strong>30 EUR<\/strong><\/p>\n<p>Cen\u0101 iek\u013cauta visu nepiecie\u0161amo uz\u0146\u0113muma dibin\u0101\u0161anas dokumentu sagatavo\u0161ana iesnieg\u0161anai Uz\u0146\u0113mumu re\u0123istr\u0101 PDF form\u0101t\u0101. Iesp\u0113jams izv\u0113l\u0113ties maksas papildpakalpojumus<\/p>\n<p>[\/et_pb_toggle][\/et_pb_column][et_pb_column type=&#8221;1_4&#8243; _builder_version=&#8221;4.27.5&#8243; _module_preset=&#8221;default&#8221; global_colors_info=&#8221;{}&#8221;][et_pb_toggle title=&#8221;100% garantija&#8221; toggle_icon=&#8221;&#xf3ed;||fa||900&#8243; use_icon_font_size=&#8221;off&#8221; open_toggle_icon=&#8221;&#xf3ed;||fa||900&#8243; open_use_icon_font_size=&#8221;off&#8221; _builder_version=&#8221;4.27.5&#8243; _module_preset=&#8221;default&#8221; global_colors_info=&#8221;{}&#8221;]<\/p>\n<p><user-query _ngcontent-ng-c2778027373=\"\" _nghost-ng-c3796519252=\"\" class=\"ng-star-inserted\"><span _ngcontent-ng-c3796519252=\"\" class=\"user-query-container\"><user-query-content _ngcontent-ng-c3796519252=\"\" class=\"user-query-container\" _nghost-ng-c1219026172=\"\"><\/user-query-content><\/span><\/user-query><\/p>\n<div _ngcontent-ng-c1219026172=\"\" class=\"user-query-container\">\n<div _ngcontent-ng-c1219026172=\"\" class=\"query-content ng-star-inserted\" id=\"user-query-content-28\" jslog=\"275422;track:impression,attention\" data-hveid=\"0\" decode-data-ved=\"1\" data-ved=\"0CAAQ3ucQahgKEwjez5zMyKaSAxUAAAAAHQAAAAAQtAQ\">\n<div _ngcontent-ng-c1219026172=\"\" role=\"heading\" aria-level=\"2\" class=\"query-text gds-body-l\" dir=\"ltr\">\n<p _ngcontent-ng-c1219026172=\"\" class=\"query-text-line ng-star-inserted\">M\u0113s garant\u0113jam, ka m\u016bsu sagatavotie dokumenti atbilst Uz\u0146\u0113mumu re\u0123istra pras\u012bb\u0101m. Gad\u012bjum\u0101, ja dokumenti netiek pie\u0146emti m\u016bsu k\u013c\u016bdas d\u0113\u013c, m\u0113s tos bez maksas labosim.<\/p>\n<p _ngcontent-ng-c1219026172=\"\" class=\"query-text-line ng-star-inserted\">Tom\u0113r atcerieties, ka dokumentu precizit\u0101te ir atkar\u012bga no J\u016bsu ievad\u012bt\u0101s inform\u0101cijas. Ja k\u013c\u016bda radusies nepareizi ievad\u012btu datu d\u0113\u013c, m\u0113s sniegsim konsult\u0101ciju labojumu veik\u0161anai, ta\u010du dokumentu atk\u0101rtota sagatavo\u0161ana b\u016bs maksas pakalpojums.<\/p>\n<\/div>\n<\/div>\n<\/div>\n<p>[\/et_pb_toggle][\/et_pb_column][et_pb_column type=&#8221;1_4&#8243; _builder_version=&#8221;4.27.5&#8243; _module_preset=&#8221;default&#8221; global_colors_info=&#8221;{}&#8221;][et_pb_toggle title=&#8221;Dro\u0161a apmaksa&#8221; toggle_icon=&#8221;&#xe014;||divi||400&#8243; use_icon_font_size=&#8221;off&#8221; open_toggle_icon=&#8221;&#xe014;||divi||400&#8243; open_use_icon_font_size=&#8221;off&#8221; _builder_version=&#8221;4.27.5&#8243; _module_preset=&#8221;default&#8221; global_colors_info=&#8221;{}&#8221;]<\/p>\n<p>Apmaksa notiek pieteikuma p\u0113d\u0113j\u0101 sol\u012b izv\u0113loties veikt apmaksu ar bankas karti vai apmaks\u0101jot r\u0113\u0137inu ar bankas p\u0101rskait\u012bjumu*<\/p>\n<p>[\/et_pb_toggle][\/et_pb_column][\/et_pb_row][et_pb_row _builder_version=&#8221;4.27.5&#8243; _module_preset=&#8221;default&#8221; display_conditions=&#8221;W3siaWQiOiI3NTFmMmExMi0yZjhhLTRiYTQtOTA1NS1lMzk4MDMwMTY2OTMiLCJjb25kaXRpb24iOiJ1cmxQYXJhbWV0ZXIiLCJjb25kaXRpb25TZXR0aW5ncyI6eyJzZWxlY3RVcmxQYXJhbWV0ZXIiOiJzcGVjaWZpY1VybFBhcmFtZXRlciIsInVybFBhcmFtZXRlck5hbWUiOiJmb3VuZGVycyIsImRpc3BsYXlSdWxlIjoiZXhpc3QiLCJ1cmxQYXJhbWV0ZXJWYWx1ZSI6IlVSTCBQYXJhbWV0ZXIgVmFsdWUiLCJhZG1pbkxhYmVsIjoiVVJMIFBhcmFtZXRlciIsImVuYWJsZUNvbmRpdGlvbiI6Im9uIn0sIm9wZXJhdG9yIjoiT1IifV0=&#8221; global_colors_info=&#8221;{}&#8221;][et_pb_column type=&#8221;4_4&#8243; _builder_version=&#8221;4.27.4&#8243; _module_preset=&#8221;default&#8221; global_colors_info=&#8221;{}&#8221;][et_pb_text _builder_version=&#8221;4.27.5&#8243; _module_preset=&#8221;default&#8221; min_height=&#8221;50px&#8221; display_conditions=&#8221;W3siaWQiOiJkNTA1NGYwNC03MWY1LTQ1N2MtYWM0YS1lZjc2OTM4MTk1YmIiLCJjb25kaXRpb24iOiJ1cmxQYXJhbWV0ZXIiLCJjb25kaXRpb25TZXR0aW5ncyI6eyJzZWxlY3RVcmxQYXJhbWV0ZXIiOiJzcGVjaWZpY1VybFBhcmFtZXRlciIsInVybFBhcmFtZXRlck5hbWUiOiJmb3VuZGVycyIsImRpc3BsYXlSdWxlIjoiZXF1YWxzIiwidXJsUGFyYW1ldGVyVmFsdWUiOiIxIiwiYWRtaW5MYWJlbCI6IlVSTCBQYXJhbWV0ZXIiLCJlbmFibGVDb25kaXRpb24iOiJvbiJ9LCJvcGVyYXRvciI6Ik9SIn1d&#8221; global_colors_info=&#8221;{}&#8221;]<\/p>\n<form id=\"forminator-module-1709\" class=\"forminator-custom-form forminator-custom-form-1709\" method=\"post\" data-forminator-render=\"0\" data-uid=\"69e18aa599203\"><div role=\"alert\" aria-live=\"polite\" class=\"forminator-response-message forminator-error\" aria-hidden=\"true\"><\/div><\/form>\n<p>[\/et_pb_text][et_pb_text _builder_version=&#8221;4.27.5&#8243; _module_preset=&#8221;default&#8221; min_height=&#8221;50px&#8221; display_conditions=&#8221;W3siaWQiOiJkNTA1NGYwNC03MWY1LTQ1N2MtYWM0YS1lZjc2OTM4MTk1YmIiLCJjb25kaXRpb24iOiJ1cmxQYXJhbWV0ZXIiLCJjb25kaXRpb25TZXR0aW5ncyI6eyJzZWxlY3RVcmxQYXJhbWV0ZXIiOiJzcGVjaWZpY1VybFBhcmFtZXRlciIsInVybFBhcmFtZXRlck5hbWUiOiJmb3VuZGVycyIsImRpc3BsYXlSdWxlIjoiZXF1YWxzIiwidXJsUGFyYW1ldGVyVmFsdWUiOiIyIiwiYWRtaW5MYWJlbCI6IlVSTCBQYXJhbWV0ZXIiLCJlbmFibGVDb25kaXRpb24iOiJvbiJ9LCJvcGVyYXRvciI6Ik9SIn1d&#8221; global_colors_info=&#8221;{}&#8221;]<\/p>\n<form id=\"forminator-module-1708\" class=\"forminator-custom-form forminator-custom-form-1708\" method=\"post\" data-forminator-render=\"0\" data-uid=\"69e18aa59d0ba\"><div role=\"alert\" aria-live=\"polite\" class=\"forminator-response-message forminator-error\" aria-hidden=\"true\"><\/div><\/form>\n<p>[\/et_pb_text][et_pb_text _builder_version=&#8221;4.27.5&#8243; _module_preset=&#8221;default&#8221; min_height=&#8221;50px&#8221; display_conditions=&#8221;W3siaWQiOiJkNTA1NGYwNC03MWY1LTQ1N2MtYWM0YS1lZjc2OTM4MTk1YmIiLCJjb25kaXRpb24iOiJ1cmxQYXJhbWV0ZXIiLCJjb25kaXRpb25TZXR0aW5ncyI6eyJzZWxlY3RVcmxQYXJhbWV0ZXIiOiJzcGVjaWZpY1VybFBhcmFtZXRlciIsInVybFBhcmFtZXRlck5hbWUiOiJmb3VuZGVycyIsImRpc3BsYXlSdWxlIjoiZXF1YWxzIiwidXJsUGFyYW1ldGVyVmFsdWUiOiIzIiwiYWRtaW5MYWJlbCI6IlVSTCBQYXJhbWV0ZXIiLCJlbmFibGVDb25kaXRpb24iOiJvbiJ9LCJvcGVyYXRvciI6Ik9SIn1d&#8221; global_colors_info=&#8221;{}&#8221;]<\/p>\n<form id=\"forminator-module-1707\" class=\"forminator-custom-form forminator-custom-form-1707\" method=\"post\" data-forminator-render=\"0\" data-uid=\"69e18aa5a1f3f\"><div role=\"alert\" aria-live=\"polite\" class=\"forminator-response-message forminator-error\" aria-hidden=\"true\"><\/div><\/form>\n<p>[\/et_pb_text][et_pb_text _builder_version=&#8221;4.27.5&#8243; _module_preset=&#8221;default&#8221; min_height=&#8221;50px&#8221; display_conditions=&#8221;W3siaWQiOiJkNTA1NGYwNC03MWY1LTQ1N2MtYWM0YS1lZjc2OTM4MTk1YmIiLCJjb25kaXRpb24iOiJ1cmxQYXJhbWV0ZXIiLCJjb25kaXRpb25TZXR0aW5ncyI6eyJzZWxlY3RVcmxQYXJhbWV0ZXIiOiJzcGVjaWZpY1VybFBhcmFtZXRlciIsInVybFBhcmFtZXRlck5hbWUiOiJmb3VuZGVycyIsImRpc3BsYXlSdWxlIjoiZXF1YWxzIiwidXJsUGFyYW1ldGVyVmFsdWUiOiI0IiwiYWRtaW5MYWJlbCI6IlVSTCBQYXJhbWV0ZXIiLCJlbmFibGVDb25kaXRpb24iOiJvbiJ9LCJvcGVyYXRvciI6Ik9SIn1d&#8221; global_colors_info=&#8221;{}&#8221;]<\/p>\n<form id=\"forminator-module-1706\" class=\"forminator-custom-form forminator-custom-form-1706\" method=\"post\" data-forminator-render=\"0\" data-uid=\"69e18aa5a7d35\"><div role=\"alert\" aria-live=\"polite\" class=\"forminator-response-message forminator-error\" aria-hidden=\"true\"><\/div><\/form>\n<p>[\/et_pb_text][et_pb_text _builder_version=&#8221;4.27.5&#8243; _module_preset=&#8221;default&#8221; min_height=&#8221;50px&#8221; display_conditions=&#8221;W3siaWQiOiJkNTA1NGYwNC03MWY1LTQ1N2MtYWM0YS1lZjc2OTM4MTk1YmIiLCJjb25kaXRpb24iOiJ1cmxQYXJhbWV0ZXIiLCJjb25kaXRpb25TZXR0aW5ncyI6eyJzZWxlY3RVcmxQYXJhbWV0ZXIiOiJzcGVjaWZpY1VybFBhcmFtZXRlciIsInVybFBhcmFtZXRlck5hbWUiOiJmb3VuZGVycyIsImRpc3BsYXlSdWxlIjoiZXF1YWxzIiwidXJsUGFyYW1ldGVyVmFsdWUiOiI1IiwiYWRtaW5MYWJlbCI6IlVSTCBQYXJhbWV0ZXIiLCJlbmFibGVDb25kaXRpb24iOiJvbiJ9LCJvcGVyYXRvciI6Ik9SIn1d&#8221; global_colors_info=&#8221;{}&#8221;]<\/p>\n<form id=\"forminator-module-1705\" class=\"forminator-custom-form forminator-custom-form-1705\" method=\"post\" data-forminator-render=\"0\" data-uid=\"69e18aa5ae773\"><div role=\"alert\" aria-live=\"polite\" class=\"forminator-response-message forminator-error\" aria-hidden=\"true\"><\/div><\/form>\n<p>[\/et_pb_text][et_pb_text _builder_version=&#8221;4.27.5&#8243; _module_preset=&#8221;default&#8221; text_font_size=&#8221;12px&#8221; global_colors_info=&#8221;{}&#8221;]<\/p>\n<p><strong>* &#8211; Kartes maks\u0101jumi<\/strong> tiek apstr\u0101d\u0101ti platform\u0101 Stripe. M\u0113s nesaglab\u0101jam kartes datus sav\u0101 sist\u0113m\u0101. P\u0113c apmaksas dokumenti tiks sagatavoti un nos\u016bt\u012bti <strong>10 min\u016b\u0161u laik\u0101<\/strong> (parasti \u0101tr\u0101k). <strong>Izv\u0113loties maks\u0101t ar bankas p\u0101rskait\u012bjumu: <\/strong>M\u0113s uz J\u016bsu e-pastu nos\u016bt\u012bsim r\u0113\u0137inu 10 min\u016b\u0161u laik\u0101 p\u0113c pieteikuma iesnieg\u0161anas. Uz\u0146\u0113muma re\u0123istr\u0113\u0161anai nepiecie\u0161amie dokumenti tiks izs\u016bt\u012bti p\u0113c r\u0113\u0137ina apmaksas.<strong><\/strong><\/p>\n<p>[\/et_pb_text][\/et_pb_column][\/et_pb_row][\/et_pb_section]<\/p>\n","protected":false},"excerpt":{"rendered":"<p>Mazkapit\u0101la SIA dibin\u0101\u0161ana Latvij\u0101 ar pamatkapit\u0101lu no 1 \u20ac. Sagatavojam visus nepiecie\u0161amos dokumentus ar e-parakstu iesnieg\u0161anai Uz\u0146\u0113mumu re\u0123istr\u0101.<\/p>","protected":false},"author":1,"featured_media":0,"parent":1409,"menu_order":0,"comment_status":"closed","ping_status":"closed","template":"","meta":{"_acf_changed":false,"_et_pb_use_builder":"on","_et_pb_old_content":"","_et_gb_content_width":"","footnotes":""},"class_list":["post-1392","page","type-page","status-publish","hentry"],"acf":[],"aioseo_notices":[],"_links":{"self":[{"href":"https:\/\/commerce-consulting-services.com\/lv\/wp-json\/wp\/v2\/pages\/1392","targetHints":{"allow":["GET"]}}],"collection":[{"href":"https:\/\/commerce-consulting-services.com\/lv\/wp-json\/wp\/v2\/pages"}],"about":[{"href":"https:\/\/commerce-consulting-services.com\/lv\/wp-json\/wp\/v2\/types\/page"}],"author":[{"embeddable":true,"href":"https:\/\/commerce-consulting-services.com\/lv\/wp-json\/wp\/v2\/users\/1"}],"replies":[{"embeddable":true,"href":"https:\/\/commerce-consulting-services.com\/lv\/wp-json\/wp\/v2\/comments?post=1392"}],"version-history":[{"count":44,"href":"https:\/\/commerce-consulting-services.com\/lv\/wp-json\/wp\/v2\/pages\/1392\/revisions"}],"predecessor-version":[{"id":1944,"href":"https:\/\/commerce-consulting-services.com\/lv\/wp-json\/wp\/v2\/pages\/1392\/revisions\/1944"}],"up":[{"embeddable":true,"href":"https:\/\/commerce-consulting-services.com\/lv\/wp-json\/wp\/v2\/pages\/1409"}],"wp:attachment":[{"href":"https:\/\/commerce-consulting-services.com\/lv\/wp-json\/wp\/v2\/media?parent=1392"}],"curies":[{"name":"wp","href":"https:\/\/api.w.org\/{rel}","templated":true}]}}