{"id":1411,"date":"2025-11-30T19:18:51","date_gmt":"2025-11-30T17:18:51","guid":{"rendered":"https:\/\/commerce-consulting-services.com\/?page_id=1411"},"modified":"2026-02-21T22:26:08","modified_gmt":"2026-02-21T20:26:08","slug":"uznemuma-dokumentu-izveides-pakalpojuma-lietosanas-noteikumi","status":"publish","type":"page","link":"https:\/\/commerce-consulting-services.com\/lv\/new-company-registration-in-latvia\/uznemuma-dokumentu-izveides-pakalpojuma-lietosanas-noteikumi\/","title":{"rendered":"Uz\u0146\u0113muma Dokumentu izveides pakalpojuma lieto\u0161anas noteikumi"},"content":{"rendered":"<p>[et_pb_section fb_built=&#8221;1&#8243; _builder_version=&#8221;4.27.4&#8243; _module_preset=&#8221;default&#8221; custom_margin=&#8221;0px||0px||false|false&#8221; custom_padding=&#8221;0px||0px||false|false&#8221; global_colors_info=&#8221;{}&#8221;][et_pb_row _builder_version=&#8221;4.27.4&#8243; _module_preset=&#8221;default&#8221; global_colors_info=&#8221;{}&#8221;][et_pb_column type=&#8221;4_4&#8243; _builder_version=&#8221;4.27.4&#8243; _module_preset=&#8221;default&#8221; global_colors_info=&#8221;{}&#8221;][et_pb_heading title=&#8221;P\u0113d\u0113jo reizi atjaunots: 21.02.2026&#8243; _builder_version=&#8221;4.27.5&#8243; _module_preset=&#8221;f0c675ea-2574-4d0e-b725-30f8550a8550&#8243; title_level=&#8221;h4&#8243; title_font=&#8221;IBM Plex Sans|IBM Plex Sans Condensed_weight||on|||||&#8221; title_text_align=&#8221;right&#8221; title_text_color=&#8221;#1d3557&#8243; title_font_size=&#8221;14px&#8221; title_letter_spacing=&#8221;1px&#8221; title_line_height=&#8221;1.4em&#8221; custom_margin=&#8221;||10px||false|false&#8221; title_font_size_tablet=&#8221;13px&#8221; title_font_size_phone=&#8221;13px&#8221; title_font_size_last_edited=&#8221;on|desktop&#8221; locked=&#8221;off&#8221; global_colors_info=&#8221;{%22#1d3557%22:%91%22title_text_color%22%93}&#8221;][\/et_pb_heading][\/et_pb_column][\/et_pb_row][\/et_pb_section][et_pb_section fb_built=&#8221;1&#8243; admin_label=&#8221;Text&#8221; module_id=&#8221;policy&#8221; _builder_version=&#8221;4.27.4&#8243; _module_preset=&#8221;default&#8221; custom_margin=&#8221;0px||||false|false&#8221; custom_padding=&#8221;0px||||false|false&#8221; locked=&#8221;off&#8221; collapsed=&#8221;on&#8221; global_colors_info=&#8221;{}&#8221;][et_pb_row _builder_version=&#8221;4.17.6&#8243; _module_preset=&#8221;5138c454-be54-4233-bd3b-f8e6a8747976&#8243; global_colors_info=&#8221;{}&#8221;][et_pb_column type=&#8221;4_4&#8243; _builder_version=&#8221;4.16&#8243; _module_preset=&#8221;73121f80-a3ef-4484-8763-c3f18e3c56d2&#8243; global_colors_info=&#8221;{}&#8221;][et_pb_heading title=&#8221;Uz\u0146\u0113mumu dokumentu izveides pakalpojuma snieg\u0161anas noteikumi&#8221; _builder_version=&#8221;4.27.5&#8243; _module_preset=&#8221;c33f07d9-41e0-421a-8799-5799df695cce&#8221; title_font=&#8221;IBM Plex Sans Condensed|IBM Plex Sans Condensed_weight|||||||&#8221; title_text_align=&#8221;center&#8221; title_text_color=&#8221;#0e0c19&#8243; locked=&#8221;off&#8221; global_colors_info=&#8221;{%22#0e0c19%22:%91%22title_text_color%22,%22title_text_color%22%93}&#8221;][\/et_pb_heading][et_pb_text _builder_version=&#8221;4.27.5&#8243; _module_preset=&#8221;default&#8221; global_colors_info=&#8221;{}&#8221;]<\/p>\n<div id=\"policy\" class=\"et_pb_section et_pb_section_1 et_section_regular\">\n<div class=\"et_pb_row et_pb_row_1\">\n<div class=\"et_pb_column et_pb_column_4_4 et_pb_column_1  et_pb_css_mix_blend_mode_passthrough et-last-child\">\n<div class=\"et_pb_module et_pb_heading et_pb_heading_1 et_pb_bg_layout_\">\n<div class=\"et_pb_heading_container\"><\/div>\n<\/div>\n<div class=\"et_pb_module et_pb_text et_pb_text_0  et_pb_text_align_left et_pb_bg_layout_light\">\n<div class=\"et_pb_text_inner\">\n<h3 data-path-to-node=\"4\">1. Visp\u0101r\u012bgie noteikumi<\/h3>\n<p data-path-to-node=\"5\">\u0160ie pakalpojuma lieto\u0161anas noteikumi (turpm\u0101k \u2013 Noteikumi) reglament\u0113 k\u0101rt\u012bbu, k\u0101d\u0101 lietot\u0101js izmanto Commerce Consulting Services, Sabiedr\u012bba ar ierobe\u017eotu atbild\u012bbu (turpm\u0101k \u2013 pakalpojuma sniedz\u0113js) nodro\u0161in\u0101tos digit\u0101los pakalpojumus:<\/p>\n<p data-path-to-node=\"5\">a) dokumentu sagatavo\u0161anu sabiedr\u012bbas ar ierobe\u017eotu atbild\u012bbu (SIA) vai mazkapit\u0101la SIA re\u0123istr\u0101cijai komercre\u0123istr\u0101 (turpm\u0101k \u2013 re\u0123istr\u0101cijas pakalpojums);<\/p>\n<p data-path-to-node=\"5\">b) dokumentu sagatavo\u0161anu SIA datu izmai\u0146u re\u0123istr\u0113\u0161anai komercre\u0123istr\u0101, tai skait\u0101 nosaukuma mai\u0146ai, juridisk\u0101s adreses mai\u0146ai un pamatkapit\u0101la palielin\u0101\u0161anai (turpm\u0101k \u2013 izmai\u0146u pakalpojums).<\/p>\n<p data-path-to-node=\"5\">Pakalpojuma sniedz\u0113js garant\u0113, ka sagatavotie dokumenti atbilst Uz\u0146\u0113mumu re\u0123istra pras\u012bb\u0101m un tiks pie\u0146emti, ja lietot\u0101ja ievad\u012btie dati ir korekti un piln\u012bgi. Ja Uz\u0146\u0113mumu re\u0123istrs pieprasa nelielus labojumus, m\u0113s tos veicam bez maksas vienas darba dienas laik\u0101. Pakalpojuma sniedz\u0113js nav atbild\u012bgs par re\u0123istr\u0101cijas izn\u0101kumu gad\u012bjumos, kad lietot\u0101js ir ievad\u012bjis neprec\u012bzus vai nepiln\u012bgus datus.<\/p>\n<h3 data-path-to-node=\"6\">2. Pakalpojuma raksturojums<\/h3>\n<p><strong>2.1. Re\u0123istr\u0101cijas pakalpojums<\/strong><\/p>\n<p>Re\u0123istr\u0101cijas pakalpojums ir dokumentu sagatavo\u0161anas risin\u0101jums, kas, balstoties uz lietot\u0101ja nor\u0101d\u012bto inform\u0101ciju, izveido \u0161\u0101dus dokumentus:<\/p>\n<p>\u2013 l\u0113mumu par dibin\u0101\u0161anu vai dibin\u0101\u0161anas l\u012bgumu, <br \/>\u2013 stat\u016btus, <br \/>\u2013 Uz\u0146\u0113mumu re\u0123istra pieteikuma veidlapu (KR4), <br \/>\u2013 dal\u012bbnieku re\u0123istra nodal\u012bjumu,<br \/>\u2013 Nekustam\u0101 \u012bpa\u0161uma \u012bpa\u0161nieka piekri\u0161ana, ja uz\u0146\u0113muma juridisk\u0101 adrese tiek re\u0123istr\u0113ta \u012bpa\u0161um\u0101, kas nepieder uz\u0146\u0113muma dal\u012bbniekiem vai valdes locek\u013ciem (nav j\u0101iesniedz Uz\u0146\u0113mumu Re\u0123istram, bet j\u0101b\u016bt uz\u0146\u0113muma r\u012bc\u012bb\u0101).<\/p>\n<p>Lietot\u0101js apzin\u0101s, ka pakalpojums \u0123ener\u0113 tikai da\u013cu no dokumentiem, kas var b\u016bt nepiecie\u0161ami SIA re\u0123istr\u0101cijai. Lietot\u0101js ir atbild\u012bgs par visu p\u0101r\u0113jo nepiecie\u0161amo dokumentu un nosac\u012bjumu izpildi atbilsto\u0161i normat\u012bvajiem aktiem. Dokuments, kurus pakalpojums nenodro\u0161ina: Bankas maks\u0101juma uzdevumi par pamatkapit\u0101la iemaksu, kurus katrs dal\u012bbnieks ieg\u016bst sav\u0101 bank\u0101 p\u0113c pamatkapit\u0101la iemaksas veik\u0161anas (\u0161ie apliecin\u0101jumi b\u016bs j\u0101iesniedz katram dal\u012bbniekam).<\/p>\n<p><strong>2.2. Izmai\u0146u pakalpojums<\/strong><\/p>\n<p>Izmai\u0146u pakalpojums ir dokumentu sagatavo\u0161anas risin\u0101jums, kas, balstoties uz lietot\u0101ja nor\u0101d\u012bto inform\u0101ciju par veicamaj\u0101m izmai\u0146\u0101m, izveido atbilsto\u0161us dokumentus. Atkar\u012bb\u0101 no izv\u0113l\u0113t\u0101 izmai\u0146u veida, dokumentu paket\u0113 var ietilpt:<\/p>\n<p>\u2013 pieteikums kapit\u0101lsabiedr\u012bbas izmai\u0146\u0101m (KR18 veidlapa), <br \/>\u2013 stat\u016btu groz\u012bjumu teksts, <br \/>\u2013 dal\u012bbnieka l\u0113mums vai dal\u012bbnieku sapulces protokols, <br \/>\u2013 pamatkapit\u0101la palielin\u0101\u0161anas noteikumi (tikai kapit\u0101la palielin\u0101\u0161anai), <br \/>\u2013 dal\u012bbnieku re\u0123istra nodal\u012bjums ar izmai\u0146\u0101m (tikai kapit\u0101la palielin\u0101\u0161anai), <br \/>\u2013 juridisk\u0101s adreses \u012bpa\u0161nieka piekri\u0161ana (tikai adreses mai\u0146ai).<\/p>\n<p><strong>2.3. Papildpakalpojumi<\/strong><\/p>\n<p>Ir pieejami \u0161\u0101di papildpakalpojumi:<\/p>\n<p>\u2013 PVN maks\u0101t\u0101ja re\u0123istr\u0101cijas pieteikuma sagatavo\u0161ana (tikai re\u0123istr\u0101cijas pakalpojumam).<br \/>\u2013 Pieteikuma sagatavo\u0161ana un aug\u0161upiel\u0101de Uz\u0146\u0113mumu re\u0123istra port\u0101l\u0101 (m\u016bsu speci\u0101lists aug\u0161upiel\u0101d\u0113 dokumentus un izs\u016bta parakst\u012b\u0161anas uzaicin\u0101jumus).<br \/>\u2013 Stat\u016btu dokumentu sagatavo\u0161ana ar speci\u0101listu (speci\u0101lists p\u0101rskata eso\u0161os stat\u016btus un sagatavo pilnu jauno redakciju).<br \/>\u2013 Dokumentu sagatavo\u0161ana redi\u0123\u0113jam\u0101 DOCX form\u0101t\u0101.<\/p>\n<p>&nbsp;<\/p>\n<h3 data-path-to-node=\"11\">3. Lietot\u0101ja atbild\u012bba<\/h3>\n<p data-path-to-node=\"12\">Lietot\u0101js uz\u0146emas pilnu atbild\u012bbu par pakalpojum\u0101 ievad\u012bt\u0101s inform\u0101cijas pareiz\u012bbu, tai skait\u0101 par SIA nosaukumu, dal\u012bbniekiem, adres\u0113m, pamatkapit\u0101lu un citiem datiem. Pakalpojuma sniedz\u0113js neveic lietot\u0101ja ievad\u012bto datu p\u0101rbaudi un neapstiprina to atbilst\u012bbu normat\u012bvo aktu pras\u012bb\u0101m. Dokumentu gala versiju p\u0101rbaude un to atbilst\u012bbas nodro\u0161in\u0101\u0161ana Uz\u0146\u0113mumu re\u0123istra pras\u012bb\u0101m ir lietot\u0101ja pien\u0101kums.<\/p>\n<h3 data-path-to-node=\"13\">4. Personas datu apstr\u0101de<\/h3>\n<p data-path-to-node=\"14\">Pakalpojum\u0101 tiek ievad\u012bti tikai t\u0101di personas dati, kas nepiecie\u0161ami dokumentu sagatavo\u0161anai atbilsto\u0161i normat\u012bvajiem aktiem (piem., dibin\u0101t\u0101ju v\u0101rds, uzv\u0101rds, personas kods, adrese). Lietot\u0101js ir patst\u0101v\u012bgs p\u0101rzinis Visp\u0101r\u012bg\u0101s datu aizsardz\u012bbas regulas (VDAR) izpratn\u0113 attiec\u012bb\u0101 uz datiem, ko vi\u0146\u0161 ievada pakalpojum\u0101. Lietot\u0101js pats nodro\u0161ina visu VDAR pras\u012bbu izpildi, tai skait\u0101 pien\u0101kumu inform\u0113t fizisk\u0101s personas, ja vi\u0146u dati tiek ievad\u012bti pakalpojum\u0101. Pakalpojuma sniedz\u0113js neapstr\u0101d\u0101 un neizmanto lietot\u0101ja ievad\u012btos datus citiem m\u0113r\u0137iem.<\/p>\n<h3 data-path-to-node=\"15\">5. Datu pieejam\u012bba un uzglab\u0101\u0161ana<\/h3>\n<p data-path-to-node=\"16\">Pakalpojum\u0101 ievad\u012bt\u0101 inform\u0101cija netiek apkopota vai saglab\u0101ta ilg\u0101k par tehniski nepiecie\u0161amo laiku dokumentu \u0123ener\u0113\u0161anai. Ja lietot\u0101js p\u0101rtrauc pakalpojuma izmanto\u0161anu ilg\u0101k par 30 min\u016bt\u0113m vai aizver p\u0101rl\u016bku, visa ievad\u012bt\u0101 inform\u0101cija tiek piln\u012bb\u0101 dz\u0113sta. P\u0113c dokumentu izveides lietot\u0101jam tiek nos\u016bt\u012bts e-pasts ar sagatavotajiem dokumentiem pielikum\u0101 uz nor\u0101d\u012bto e-pasta adresi.<\/p>\n<h3 data-path-to-node=\"17\">6. Pakalpojuma pieejam\u012bba<\/h3>\n<p data-path-to-node=\"18\">Pakalpojuma sniedz\u0113js cen\u0161as nodro\u0161in\u0101t nep\u0101rtrauktu un stabilu pakalpojuma darb\u012bbu, tom\u0113r:<\/p>\n<ul data-path-to-node=\"19\">\n<li>\n<p data-path-to-node=\"19,0,0\">negarant\u0113 darb\u012bbas nep\u0101rtraukt\u012bbu, br\u012bv\u012bbu no k\u013c\u016bd\u0101m vai tehnisku nepiln\u012bbu nov\u0113r\u0161anu,<\/p>\n<\/li>\n<li>\n<p data-path-to-node=\"19,1,0\">neveido rezerves kopijas lietot\u0101ja datiem,<\/p>\n<\/li>\n<li>\n<p data-path-to-node=\"19,2,0\">nav atbild\u012bgs par pakalpojuma darb\u012bbas trauc\u0113jumiem, pieejam\u012bbas p\u0101rtraukumiem vai tehniskiem ierobe\u017eojumiem.<\/p>\n<\/li>\n<\/ul>\n<p data-path-to-node=\"20\">Pakalpojuma sniedz\u0113js patur ties\u012bbas jebkur\u0101 laik\u0101 un bez iepriek\u0161\u0113ja br\u012bdin\u0101juma:<\/p>\n<ul data-path-to-node=\"21\">\n<li>\n<p data-path-to-node=\"21,0,0\">veikt izmai\u0146as pakalpojum\u0101,<\/p>\n<\/li>\n<li>\n<p data-path-to-node=\"21,1,0\">aptur\u0113t vai p\u0101rtraukt t\u0101 darb\u012bbu.<\/p>\n<\/li>\n<\/ul>\n<h3 data-path-to-node=\"22\">7. Atbild\u012bbas ierobe\u017eojums<\/h3>\n<p data-path-to-node=\"23\">Pakalpojuma sniedz\u0113js nav atbild\u012bgs par jebk\u0101diem izdevumiem, zaud\u0113jumiem vai kait\u0113jumu (tie\u0161iem, netie\u0161iem, \u012bpa\u0161iem, blakusefektiem, neieg\u016btu pe\u013c\u0146u u.tml.), kas:<\/p>\n<ul data-path-to-node=\"24\">\n<li>\n<p data-path-to-node=\"24,0,0\">rodas pakalpojuma izmanto\u0161anas rezult\u0101t\u0101,<\/p>\n<\/li>\n<li>\n<p data-path-to-node=\"24,1,0\">rodas pakalpojuma nepieejam\u012bbas d\u0113\u013c,<\/p>\n<\/li>\n<li>\n<p data-path-to-node=\"24,2,0\">rodas k\u013c\u016bdu vai nepareizu datu ievades d\u0113\u013c,<\/p>\n<\/li>\n<li>\n<p data-path-to-node=\"24,3,0\">rodas dokumentu izmanto\u0161an\u0101 \u0101rpus pakalpojuma sniedz\u0113ja kontroles,<\/p>\n<\/li>\n<li>rodas Uz\u0146\u0113mumu re\u0123istra l\u0113muma vai r\u012bc\u012bbas rezult\u0101t\u0101.<\/li>\n<\/ul>\n<p data-path-to-node=\"25\">Visi tre\u0161o personu pras\u012bjumi, kas var rasties lietot\u0101ja ievad\u012bto datu vai dokumentu izmanto\u0161anas rezult\u0101t\u0101, ir piln\u012bb\u0101 lietot\u0101ja atbild\u012bba.<\/p>\n<h3 data-path-to-node=\"26\">8. Nosl\u0113guma noteikumi<\/h3>\n<p data-path-to-node=\"27\">Turpinot izmantot pakalpojumu, lietot\u0101js apstiprina, ka ir iepazinies ar \u0161iem Noteikumiem un tiem piekr\u012bt. Ja lietot\u0101js Noteikumiem nepiekr\u012bt, vi\u0146am nekav\u0113joties j\u0101p\u0101rtrauc pakalpojuma izmanto\u0161ana. Ik pa laikam m\u0113s varam atjaunin\u0101t \u0161os Pakalpojumu snieg\u0161anas noteikumus, lai atspogu\u013cotu izmai\u0146as m\u016bsu darb\u012bb\u0101, juridiskaj\u0101s pras\u012bb\u0101s vai lab\u0101kaj\u0101 praks\u0113. Jaun\u0101k\u0101 versija vienm\u0113r b\u016bs pieejama \u0161aj\u0101 lap\u0101, un t\u0101s atjaunin\u0101\u0161anas datums b\u016bs nor\u0101d\u012bts augst\u0101k.<\/p>\n<\/div>\n<\/div>\n<\/div>\n<\/div>\n<\/div>\n<div class=\"et_pb_section et_pb_section_2 et_section_regular\">\n<div class=\"et_pb_row et_pb_row_2\">\n<div class=\"et_pb_column et_pb_column_4_4 et_pb_column_2  et_pb_css_mix_blend_mode_passthrough et-last-child\">\n<div class=\"et_pb_module et_pb_heading et_pb_heading_2 et_pb_bg_layout_\">\n<div class=\"et_pb_heading_container\"><\/div>\n<\/div>\n<\/div>\n<\/div>\n<\/div>\n<p>[\/et_pb_text][\/et_pb_column][\/et_pb_row][\/et_pb_section][et_pb_section fb_built=&#8221;1&#8243; admin_label=&#8221;Contact Info&#8221; _builder_version=&#8221;4.25.1&#8243; _module_preset=&#8221;default&#8221; collapsed=&#8221;on&#8221; global_colors_info=&#8221;{}&#8221;][et_pb_row _builder_version=&#8221;4.27.4&#8243; _module_preset=&#8221;default&#8221; global_colors_info=&#8221;{}&#8221;][et_pb_column type=&#8221;4_4&#8243; _builder_version=&#8221;4.27.4&#8243; _module_preset=&#8221;default&#8221; global_colors_info=&#8221;{}&#8221;][et_pb_heading title=&#8221;Our Contact Information&#8221; _builder_version=&#8221;4.27.4&#8243; _module_preset=&#8221;default&#8221;][\/et_pb_heading][\/et_pb_column][\/et_pb_row][et_pb_row column_structure=&#8221;1_3,1_3,1_3&#8243; make_equal=&#8221;on&#8221; _builder_version=&#8221;4.25.1&#8243; _module_preset=&#8221;default&#8221; global_colors_info=&#8221;{}&#8221;][et_pb_column type=&#8221;1_3&#8243; _builder_version=&#8221;4.25.1&#8243; _module_preset=&#8221;50607da8-57bc-4d4b-aaef-f02e41c2cc4a&#8221; global_colors_info=&#8221;{}&#8221;][et_pb_blurb title=&#8221;Phone&#8221; url=&#8221;http:\/\/Give%20us%20a%20call&#8221; use_icon=&#8221;on&#8221; font_icon=&#8221;&#xe090;||divi||400&#8243; icon_color=&#8221;#1d3557&#8243; icon_alignment=&#8221;center&#8221; module_class=&#8221;ai_ignore_all&#8221; _builder_version=&#8221;4.27.4&#8243; _module_preset=&#8221;212b201d-2c34-41bd-936c-851b7357d08b&#8221; header_font=&#8221;IBM Plex Sans Condensed|IBM Plex Sans Condensed_weight|||||||&#8221; body_font=&#8221;IBM Plex Sans|IBM Plex Sans_weight|||||||&#8221; body_link_text_color=&#8221;#1d3557&#8243; background_mask_style=&#8221;diagonal&#8221; text_orientation=&#8221;center&#8221; link_option_url=&#8221;tel:+37126836522&#8243; global_colors_info=&#8221;{}&#8221;]<\/p>\n<p><a href=\"tel:+37126836522\" title=\"Give us a call\">+ 371 26836522<br \/>(Elvijs)<\/a><\/p>\n<p>[\/et_pb_blurb][\/et_pb_column][et_pb_column type=&#8221;1_3&#8243; _builder_version=&#8221;4.25.1&#8243; _module_preset=&#8221;50607da8-57bc-4d4b-aaef-f02e41c2cc4a&#8221; global_colors_info=&#8221;{}&#8221;][et_pb_blurb title=&#8221;Email&#8221; use_icon=&#8221;on&#8221; font_icon=&#8221;&#xf0e0;||fa||900&#8243; icon_color=&#8221;#1d3557&#8243; icon_alignment=&#8221;center&#8221; module_class=&#8221;ai_ignore_all&#8221; _builder_version=&#8221;4.27.4&#8243; _module_preset=&#8221;212b201d-2c34-41bd-936c-851b7357d08b&#8221; header_font=&#8221;IBM Plex Sans Condensed|IBM Plex Sans Condensed_weight|||||||&#8221; body_font=&#8221;IBM Plex Sans|IBM Plex Sans_weight|||||||&#8221; body_link_text_color=&#8221;#1d3557&#8243; background_mask_style=&#8221;diagonal&#8221; text_orientation=&#8221;center&#8221; link_option_url=&#8221;mailto:info@commerce-consulting-services.com&#8221; locked=&#8221;off&#8221; global_colors_info=&#8221;{}&#8221;]<\/p>\n<p><a href=\"mailto:info@commerce-consulting-services.com\">info@commerce-consulting-services.com<\/a><\/p>\n<p>[\/et_pb_blurb][\/et_pb_column][et_pb_column type=&#8221;1_3&#8243; _builder_version=&#8221;4.25.1&#8243; _module_preset=&#8221;50607da8-57bc-4d4b-aaef-f02e41c2cc4a&#8221; global_colors_info=&#8221;{}&#8221;][et_pb_blurb title=&#8221;Address&#8221; use_icon=&#8221;on&#8221; font_icon=&#8221;&#xf3c5;||fa||900&#8243; icon_color=&#8221;#1d3557&#8243; icon_alignment=&#8221;center&#8221; module_class=&#8221;ai_ignore_all&#8221; _builder_version=&#8221;4.27.4&#8243; _module_preset=&#8221;212b201d-2c34-41bd-936c-851b7357d08b&#8221; header_font=&#8221;IBM Plex Sans Condensed|IBM Plex Sans Condensed_weight|||||||&#8221; body_font=&#8221;IBM Plex Sans|IBM Plex Sans_weight|||||||&#8221; body_link_text_color=&#8221;#1d3557&#8243; background_mask_style=&#8221;diagonal&#8221; text_orientation=&#8221;center&#8221; locked=&#8221;off&#8221; global_colors_info=&#8221;{}&#8221;]<\/p>\n<p><span>Gan\u012bbu dambis 11A &#8211; 1, R\u012bga, LV-1045, Latvia<\/span><\/p>\n<p>[\/et_pb_blurb][\/et_pb_column][\/et_pb_row][\/et_pb_section]<\/p>\n","protected":false},"excerpt":{"rendered":"<p>1. Visp\u0101r\u012bgie noteikumi \u0160ie pakalpojuma lieto\u0161anas noteikumi (turpm\u0101k \u2013 Noteikumi) reglament\u0113 k\u0101rt\u012bbu, k\u0101d\u0101 lietot\u0101js izmanto Commerce Consulting Services, Sabiedr\u012bba ar ierobe\u017eotu atbild\u012bbu (turpm\u0101k \u2013 pakalpojuma sniedz\u0113js) nodro\u0161in\u0101tos digit\u0101los pakalpojumus: a) dokumentu sagatavo\u0161anu sabiedr\u012bbas ar ierobe\u017eotu atbild\u012bbu (SIA) vai mazkapit\u0101la SIA re\u0123istr\u0101cijai komercre\u0123istr\u0101 (turpm\u0101k \u2013 re\u0123istr\u0101cijas pakalpojums); b) dokumentu sagatavo\u0161anu SIA datu izmai\u0146u re\u0123istr\u0113\u0161anai komercre\u0123istr\u0101, tai [&hellip;]<\/p>\n","protected":false},"author":1,"featured_media":0,"parent":1409,"menu_order":8,"comment_status":"closed","ping_status":"closed","template":"","meta":{"_acf_changed":false,"_et_pb_use_builder":"on","_et_pb_old_content":"","_et_gb_content_width":"","footnotes":""},"class_list":["post-1411","page","type-page","status-publish","hentry"],"acf":[],"aioseo_notices":[],"_links":{"self":[{"href":"https:\/\/commerce-consulting-services.com\/lv\/wp-json\/wp\/v2\/pages\/1411","targetHints":{"allow":["GET"]}}],"collection":[{"href":"https:\/\/commerce-consulting-services.com\/lv\/wp-json\/wp\/v2\/pages"}],"about":[{"href":"https:\/\/commerce-consulting-services.com\/lv\/wp-json\/wp\/v2\/types\/page"}],"author":[{"embeddable":true,"href":"https:\/\/commerce-consulting-services.com\/lv\/wp-json\/wp\/v2\/users\/1"}],"replies":[{"embeddable":true,"href":"https:\/\/commerce-consulting-services.com\/lv\/wp-json\/wp\/v2\/comments?post=1411"}],"version-history":[{"count":10,"href":"https:\/\/commerce-consulting-services.com\/lv\/wp-json\/wp\/v2\/pages\/1411\/revisions"}],"predecessor-version":[{"id":1961,"href":"https:\/\/commerce-consulting-services.com\/lv\/wp-json\/wp\/v2\/pages\/1411\/revisions\/1961"}],"up":[{"embeddable":true,"href":"https:\/\/commerce-consulting-services.com\/lv\/wp-json\/wp\/v2\/pages\/1409"}],"wp:attachment":[{"href":"https:\/\/commerce-consulting-services.com\/lv\/wp-json\/wp\/v2\/media?parent=1411"}],"curies":[{"name":"wp","href":"https:\/\/api.w.org\/{rel}","templated":true}]}}