{"id":1418,"date":"2025-11-30T19:38:42","date_gmt":"2025-11-30T17:38:42","guid":{"rendered":"https:\/\/commerce-consulting-services.com\/?page_id=1418"},"modified":"2026-04-07T18:19:12","modified_gmt":"2026-04-07T15:19:12","slug":"nosacijumi-uznemuma-nosaukuma-firmas-izvelei","status":"publish","type":"page","link":"https:\/\/commerce-consulting-services.com\/lv\/new-company-registration-in-latvia\/nosacijumi-uznemuma-nosaukuma-firmas-izvelei\/","title":{"rendered":"Nosac\u012bjumi uz\u0146\u0113muma nosaukuma (firmas) izv\u0113lei"},"content":{"rendered":"<p>[et_pb_section fb_built=&#8221;1&#8243; _builder_version=&#8221;4.27.4&#8243; _module_preset=&#8221;default&#8221; custom_margin=&#8221;0px||0px||false|false&#8221; custom_padding=&#8221;0px||0px||false|false&#8221; global_colors_info=&#8221;{}&#8221;][et_pb_row _builder_version=&#8221;4.27.4&#8243; _module_preset=&#8221;default&#8221; global_colors_info=&#8221;{}&#8221;][et_pb_column type=&#8221;4_4&#8243; _builder_version=&#8221;4.27.4&#8243; _module_preset=&#8221;default&#8221; global_colors_info=&#8221;{}&#8221;][et_pb_heading title=&#8221;Last updated: 25.11.2025&#8243; _builder_version=&#8221;4.27.4&#8243; _module_preset=&#8221;f0c675ea-2574-4d0e-b725-30f8550a8550&#8243; title_level=&#8221;h4&#8243; title_font=&#8221;IBM Plex Sans|IBM Plex Sans Condensed_weight||on|||||&#8221; title_text_align=&#8221;right&#8221; title_text_color=&#8221;#1d3557&#8243; title_font_size=&#8221;14px&#8221; title_letter_spacing=&#8221;1px&#8221; title_line_height=&#8221;1.4em&#8221; custom_margin=&#8221;||10px||false|false&#8221; title_font_size_tablet=&#8221;13px&#8221; title_font_size_phone=&#8221;13px&#8221; title_font_size_last_edited=&#8221;on|desktop&#8221; locked=&#8221;off&#8221; global_colors_info=&#8221;{%22#1d3557%22:%91%22title_text_color%22%93}&#8221;][\/et_pb_heading][\/et_pb_column][\/et_pb_row][\/et_pb_section][et_pb_section fb_built=&#8221;1&#8243; admin_label=&#8221;Text&#8221; module_id=&#8221;policy&#8221; _builder_version=&#8221;4.27.4&#8243; _module_preset=&#8221;default&#8221; custom_margin=&#8221;0px||||false|false&#8221; custom_padding=&#8221;0px||||false|false&#8221; locked=&#8221;off&#8221; collapsed=&#8221;on&#8221; global_colors_info=&#8221;{}&#8221;][et_pb_row _builder_version=&#8221;4.17.6&#8243; _module_preset=&#8221;5138c454-be54-4233-bd3b-f8e6a8747976&#8243; global_colors_info=&#8221;{}&#8221;][et_pb_column type=&#8221;4_4&#8243; _builder_version=&#8221;4.16&#8243; _module_preset=&#8221;73121f80-a3ef-4484-8763-c3f18e3c56d2&#8243; global_colors_info=&#8221;{}&#8221;][et_pb_heading title=&#8221;Noteikumi Uz\u0146\u0113muma nosaukuma (firmas) izv\u0113l\u0113&#8221; _builder_version=&#8221;4.27.4&#8243; _module_preset=&#8221;c33f07d9-41e0-421a-8799-5799df695cce&#8221; title_font=&#8221;IBM Plex Sans Condensed|IBM Plex Sans Condensed_weight|||||||&#8221; title_text_align=&#8221;center&#8221; title_text_color=&#8221;#0e0c19&#8243; locked=&#8221;off&#8221; global_colors_info=&#8221;{%22#0e0c19%22:%91%22title_text_color%22,%22title_text_color%22%93}&#8221;][\/et_pb_heading][et_pb_text _builder_version=&#8221;4.27.6&#8243; _module_preset=&#8221;default&#8221; hover_enabled=&#8221;0&#8243; global_colors_info=&#8221;{}&#8221; sticky_enabled=&#8221;0&#8243;]<\/p>\n<ol start=\"1\">\n<li><b>Nosaukumam j\u0101b\u016bt unik\u0101lam<\/b><b><\/b><br \/>Tam skaidri j\u0101at\u0161\u0137iras no jau re\u0123istr\u0113tiem uz\u0146\u0113mumiem Komercre\u0123istr\u0101 un Patentu vald\u0113 re\u0123istr\u0113t\u0101m pre\u010du z\u012bm\u0113m\n<p class=\"p1\">Pirms uz\u0146\u0113muma nosaukuma apstiprin\u0101\u0161anas p\u0101rliecinies, ka izv\u0113l\u0113tais nosaukums:<\/p>\n<ul>\n<li>\n<p class=\"p1\"><span class=\"s1\"><b>nav jau re\u0123istr\u0113ts<\/b><\/span> Uz\u0146\u0113mumu re\u0123istr\u0101 (<span style=\"text-decoration: underline;\"><em><a title=\"Mekl\u0113t Uz\u0146\u0113mumu Re\u0123istra datos\" href=\"https:\/\/info.ur.gov.lv\/#\/data-search\">Mekl\u0113t Uz\u0146\u0113mumu Re\u0123istra datos<\/a><\/em><\/span>),<\/p>\n<\/li>\n<li>\n<p class=\"p1\"><b>nesakr\u012bt ar eso\u0161u pre\u010du z\u012bmi<\/b><span class=\"s1\"> vai t\u0101s b\u016btisku da\u013cu (<span style=\"text-decoration: underline;\"><em><a title=\"Mekl\u0113t Pre\u010du z\u012bmju datub\u0101z\u0113s\" href=\"https:\/\/www.lrpv.gov.lv\/lv\/precu-zimes\/datubazes\">Mekl\u0113t Pre\u010du z\u012bmju datub\u0101z\u0113s<\/a><\/em><\/span>).<\/span><\/p>\n<\/li>\n<\/ul>\n<p class=\"p1\">Nosaukuma pieejam\u012bbu vari p\u0101rbaud\u012bt, izmantojot Uz\u0146\u0113mumu re\u0123istra un Patentu valdes publiskos mekl\u0113t\u0101jus<\/p>\n<\/li>\n<li><b>Nosaukums nedr\u012bkst b\u016bt maldino\u0161s<\/b><br \/>Tas nedr\u012bkst rad\u012bt nepatiesu priek\u0161statu par komersantu, t\u0101 darb\u012bbas veidu vai apjomu.<\/li>\n<li><b>Nosaukums nedr\u012bkst b\u016bt pretrun\u0101 ar labiem tikumiem<\/b><\/li>\n<li><b>Aizliegts izmantot \u201cLatvijas Republika\u201d un \u0161\u012b nosaukuma tulkojumus.<\/b><\/li>\n<li><b>Aizliegts izmantot valsts vai pa\u0161vald\u012bbu instit\u016bciju nosaukumus<\/b>, k\u0101 ar\u012b v\u0101rdus \u201cvalsts\u201d vai \u201cpa\u0161vald\u012bba\u201d.<\/li>\n<li><b>Ja nosaukum\u0101 iek\u013cauj administrat\u012bv\u0101s teritorijas vai apdz\u012bvot\u0101s vietas nosaukumu,<\/b><span class=\"s1\"> tam <\/span><b>nedr\u012bkst piln\u012bb\u0101 sakrist<\/b><span class=\"s1\"> ar konkr\u0113to vietv\u0101rdu (iz\u0146emot viens\u0113tu nosaukumus).<\/span><\/li>\n<li><b>Dr\u012bkst izmantot tikai latvie\u0161u vai lat\u012b\u0146u alfab\u0113ta burtus.<\/b><\/li>\n<li>At\u013cauts lietot:\n<ul>\n<li><b>ciparus<\/b><\/li>\n<li><b>pieturz\u012bmes<\/b><\/li>\n<li><span class=\"s1\"><b>5 simbolus<\/b><\/span>: <span class=\"s2\">&amp;<\/span>, <span class=\"s2\">@<\/span>, <span class=\"s2\">%<\/span>, <span class=\"s2\">+<\/span>, <span class=\"s2\">=<\/span><\/li>\n<li><b>nosaukumu p\u0113di\u0146\u0101s<\/b><\/li>\n<\/ul>\n<p>Citu simbolu izmanto\u0161ana <span class=\"s2\"><b>nav at\u013cauta<\/b><\/span><\/p>\n<\/li>\n<\/ol>\n<p>[\/et_pb_text][\/et_pb_column][\/et_pb_row][\/et_pb_section][et_pb_section fb_built=&#8221;1&#8243; admin_label=&#8221;Contact Info&#8221; _builder_version=&#8221;4.25.1&#8243; _module_preset=&#8221;default&#8221; collapsed=&#8221;on&#8221; global_colors_info=&#8221;{}&#8221;][et_pb_row _builder_version=&#8221;4.27.4&#8243; _module_preset=&#8221;default&#8221; global_colors_info=&#8221;{}&#8221;][et_pb_column type=&#8221;4_4&#8243; _builder_version=&#8221;4.27.4&#8243; _module_preset=&#8221;default&#8221; global_colors_info=&#8221;{}&#8221;][et_pb_heading title=&#8221;Our Contact Information&#8221; _builder_version=&#8221;4.27.4&#8243; _module_preset=&#8221;default&#8221; global_colors_info=&#8221;{}&#8221;][\/et_pb_heading][\/et_pb_column][\/et_pb_row][et_pb_row column_structure=&#8221;1_3,1_3,1_3&#8243; make_equal=&#8221;on&#8221; _builder_version=&#8221;4.25.1&#8243; _module_preset=&#8221;default&#8221; global_colors_info=&#8221;{}&#8221;][et_pb_column type=&#8221;1_3&#8243; _builder_version=&#8221;4.25.1&#8243; _module_preset=&#8221;50607da8-57bc-4d4b-aaef-f02e41c2cc4a&#8221; global_colors_info=&#8221;{}&#8221;][et_pb_blurb title=&#8221;Phone&#8221; url=&#8221;http:\/\/Give%20us%20a%20call&#8221; use_icon=&#8221;on&#8221; font_icon=&#8221;&#xe090;||divi||400&#8243; icon_color=&#8221;#1d3557&#8243; icon_alignment=&#8221;center&#8221; module_class=&#8221;ai_ignore_all&#8221; _builder_version=&#8221;4.27.4&#8243; _module_preset=&#8221;212b201d-2c34-41bd-936c-851b7357d08b&#8221; header_font=&#8221;IBM Plex Sans Condensed|IBM Plex Sans Condensed_weight|||||||&#8221; body_font=&#8221;IBM Plex Sans|IBM Plex Sans_weight|||||||&#8221; body_link_text_color=&#8221;#1d3557&#8243; background_mask_style=&#8221;diagonal&#8221; text_orientation=&#8221;center&#8221; link_option_url=&#8221;tel:+37126836522&#8243; global_colors_info=&#8221;{}&#8221;]<\/p>\n<p><a href=\"tel:+37126836522\" title=\"Give us a call\">+ 371 26836522<br \/>(Elvijs)<\/a><\/p>\n<p>[\/et_pb_blurb][\/et_pb_column][et_pb_column type=&#8221;1_3&#8243; _builder_version=&#8221;4.25.1&#8243; _module_preset=&#8221;50607da8-57bc-4d4b-aaef-f02e41c2cc4a&#8221; global_colors_info=&#8221;{}&#8221;][et_pb_blurb title=&#8221;Email&#8221; use_icon=&#8221;on&#8221; font_icon=&#8221;&#xf0e0;||fa||900&#8243; icon_color=&#8221;#1d3557&#8243; icon_alignment=&#8221;center&#8221; module_class=&#8221;ai_ignore_all&#8221; _builder_version=&#8221;4.27.4&#8243; _module_preset=&#8221;212b201d-2c34-41bd-936c-851b7357d08b&#8221; header_font=&#8221;IBM Plex Sans Condensed|IBM Plex Sans Condensed_weight|||||||&#8221; body_font=&#8221;IBM Plex Sans|IBM Plex Sans_weight|||||||&#8221; body_link_text_color=&#8221;#1d3557&#8243; background_mask_style=&#8221;diagonal&#8221; text_orientation=&#8221;center&#8221; link_option_url=&#8221;mailto:info@commerce-consulting-services.com&#8221; locked=&#8221;off&#8221; global_colors_info=&#8221;{}&#8221;]<\/p>\n<p><a href=\"mailto:info@commerce-consulting-services.com\">info@commerce-consulting-services.com<\/a><\/p>\n<p>[\/et_pb_blurb][\/et_pb_column][et_pb_column type=&#8221;1_3&#8243; _builder_version=&#8221;4.25.1&#8243; _module_preset=&#8221;50607da8-57bc-4d4b-aaef-f02e41c2cc4a&#8221; global_colors_info=&#8221;{}&#8221;][et_pb_blurb title=&#8221;Address&#8221; use_icon=&#8221;on&#8221; font_icon=&#8221;&#xf3c5;||fa||900&#8243; icon_color=&#8221;#1d3557&#8243; icon_alignment=&#8221;center&#8221; module_class=&#8221;ai_ignore_all&#8221; _builder_version=&#8221;4.27.4&#8243; _module_preset=&#8221;212b201d-2c34-41bd-936c-851b7357d08b&#8221; header_font=&#8221;IBM Plex Sans Condensed|IBM Plex Sans Condensed_weight|||||||&#8221; body_font=&#8221;IBM Plex Sans|IBM Plex Sans_weight|||||||&#8221; body_link_text_color=&#8221;#1d3557&#8243; background_mask_style=&#8221;diagonal&#8221; text_orientation=&#8221;center&#8221; locked=&#8221;off&#8221; global_colors_info=&#8221;{}&#8221;]<\/p>\n<p><span>Gan\u012bbu dambis 11A &#8211; 1, R\u012bga, LV-1045, Latvia<\/span><\/p>\n<p>[\/et_pb_blurb][\/et_pb_column][\/et_pb_row][\/et_pb_section]<\/p>\n","protected":false},"excerpt":{"rendered":"<p>Nosaukumam j\u0101b\u016bt unik\u0101lamTam skaidri j\u0101at\u0161\u0137iras no jau re\u0123istr\u0113tiem uz\u0146\u0113mumiem Komercre\u0123istr\u0101 un Patentu vald\u0113 re\u0123istr\u0113t\u0101m pre\u010du z\u012bm\u0113m Pirms uz\u0146\u0113muma nosaukuma apstiprin\u0101\u0161anas p\u0101rliecinies, ka izv\u0113l\u0113tais nosaukums: nav jau re\u0123istr\u0113ts Uz\u0146\u0113mumu re\u0123istr\u0101 (Mekl\u0113t Uz\u0146\u0113mumu Re\u0123istra datos), nesakr\u012bt ar eso\u0161u pre\u010du z\u012bmi vai t\u0101s b\u016btisku da\u013cu (Mekl\u0113t Pre\u010du z\u012bmju datub\u0101z\u0113s). Nosaukuma pieejam\u012bbu vari p\u0101rbaud\u012bt, izmantojot Uz\u0146\u0113mumu re\u0123istra un Patentu [&hellip;]<\/p>\n","protected":false},"author":1,"featured_media":0,"parent":1409,"menu_order":8,"comment_status":"closed","ping_status":"closed","template":"","meta":{"_acf_changed":false,"_et_pb_use_builder":"on","_et_pb_old_content":"","_et_gb_content_width":"","footnotes":""},"class_list":["post-1418","page","type-page","status-publish","hentry"],"acf":[],"aioseo_notices":[],"_links":{"self":[{"href":"https:\/\/commerce-consulting-services.com\/lv\/wp-json\/wp\/v2\/pages\/1418","targetHints":{"allow":["GET"]}}],"collection":[{"href":"https:\/\/commerce-consulting-services.com\/lv\/wp-json\/wp\/v2\/pages"}],"about":[{"href":"https:\/\/commerce-consulting-services.com\/lv\/wp-json\/wp\/v2\/types\/page"}],"author":[{"embeddable":true,"href":"https:\/\/commerce-consulting-services.com\/lv\/wp-json\/wp\/v2\/users\/1"}],"replies":[{"embeddable":true,"href":"https:\/\/commerce-consulting-services.com\/lv\/wp-json\/wp\/v2\/comments?post=1418"}],"version-history":[{"count":8,"href":"https:\/\/commerce-consulting-services.com\/lv\/wp-json\/wp\/v2\/pages\/1418\/revisions"}],"predecessor-version":[{"id":2485,"href":"https:\/\/commerce-consulting-services.com\/lv\/wp-json\/wp\/v2\/pages\/1418\/revisions\/2485"}],"up":[{"embeddable":true,"href":"https:\/\/commerce-consulting-services.com\/lv\/wp-json\/wp\/v2\/pages\/1409"}],"wp:attachment":[{"href":"https:\/\/commerce-consulting-services.com\/lv\/wp-json\/wp\/v2\/media?parent=1418"}],"curies":[{"name":"wp","href":"https:\/\/api.w.org\/{rel}","templated":true}]}}